{"id":896,"date":"2021-04-10T03:52:52","date_gmt":"2021-04-10T03:52:52","guid":{"rendered":"https:\/\/servicios-example.pi-simplex.com\/index.php\/home\/"},"modified":"2023-03-06T01:04:58","modified_gmt":"2023-03-06T01:04:58","slug":"inicio","status":"publish","type":"page","link":"https:\/\/servicios-example.pi-simplex.com\/","title":{"rendered":"Inicio"},"content":{"rendered":"\n<div class=\"wp-block-cover alignfull\" style=\"padding-top:0;padding-right:0;padding-bottom:0;padding-left:0;min-height:735px;aspect-ratio:unset;\"><span aria-hidden=\"true\" class=\"wp-block-cover__background has-black-background-color has-background-dim-60 has-background-dim\"><\/span><img loading=\"lazy\" decoding=\"async\" width=\"1920\" height=\"1136\" class=\"wp-block-cover__image-background wp-image-1721\" alt=\"\" src=\"http:\/\/servicios-example.pi-simplex.com\/wp-content\/uploads\/2023\/02\/frantisek-canik-htm5bLLW2GY-unsplash.jpg\" style=\"object-position:0% 47%\" data-object-fit=\"cover\" data-object-position=\"0% 47%\" srcset=\"https:\/\/servicios-example.pi-simplex.com\/wp-content\/uploads\/2023\/02\/frantisek-canik-htm5bLLW2GY-unsplash.jpg 1920w, https:\/\/servicios-example.pi-simplex.com\/wp-content\/uploads\/2023\/02\/frantisek-canik-htm5bLLW2GY-unsplash-300x178.jpg 300w, https:\/\/servicios-example.pi-simplex.com\/wp-content\/uploads\/2023\/02\/frantisek-canik-htm5bLLW2GY-unsplash-1024x606.jpg 1024w, https:\/\/servicios-example.pi-simplex.com\/wp-content\/uploads\/2023\/02\/frantisek-canik-htm5bLLW2GY-unsplash-768x454.jpg 768w, https:\/\/servicios-example.pi-simplex.com\/wp-content\/uploads\/2023\/02\/frantisek-canik-htm5bLLW2GY-unsplash-1536x909.jpg 1536w\" sizes=\"auto, (max-width: 1920px) 100vw, 1920px\" \/><div class=\"wp-block-cover__inner-container is-layout-flow wp-block-cover-is-layout-flow\">\n<div class=\"wp-block-columns is-layout-flex wp-container-core-columns-is-layout-28f84493 wp-block-columns-is-layout-flex\">\n<div class=\"wp-block-column has-text-color has-background has-link-color wp-elements-57621073a45801c332eda4dc84dfc72c is-layout-flow wp-block-column-is-layout-flow\" style=\"border-width:20%;color:#00000000;background-color:#00000000;flex-basis:20%\"><\/div>\n\n\n\n<div class=\"wp-block-column is-layout-flow wp-block-column-is-layout-flow\" style=\"flex-basis:60%\">\n<div class=\"wp-block-uagb-advanced-heading uagb-block-f64f71a7\"><h2 class=\"uagb-heading-text\">Barber\u00eda &amp; Cafeter\u00eda <br>Barba Negra<\/h2><p class=\"uagb-desc-text\">Este es un homenaje a la barber\u00eda cl\u00e1sica, en memoria a los buenos recuerdos, reflejando la a\u00f1oranza en cada detalle, cada espacio te transporta a viejos tiempos donde un afeitado cl\u00e1sico envuelve en un sinf\u00edn de emociones.<\/p><\/div>\n\n\n\n<div class=\"wp-block-buttons is-content-justification-center is-layout-flex wp-container-core-buttons-is-layout-a89b3969 wp-block-buttons-is-layout-flex\">\n<div class=\"wp-block-button is-style-fill\"><a class=\"wp-block-button__link wp-element-button\" href=\"https:\/\/servicios-example.pi-simplex.com\/index.php\/servicios\/\"><strong>Ver Servicios<\/strong><\/a><\/div>\n\n\n\n<div class=\"wp-block-button is-style-fill\"><a class=\"wp-block-button__link wp-element-button\" href=\"https:\/\/servicios-example.pi-simplex.com\/index.php\/contacto\/https:\/\/servicios-example.pi-simplex.com\/index.php\/contacto\/\"><strong>Agenda una Cita<\/strong><\/a><\/div>\n<\/div>\n<\/div>\n\n\n\n<div class=\"wp-block-column has-background is-layout-flow wp-block-column-is-layout-flow\" style=\"border-style:none;border-width:0%;background-color:#00000000;flex-basis:20%\"><\/div>\n<\/div>\n<\/div><\/div>\n\n\n\n<div class=\"wp-block-columns alignfull is-layout-flex wp-container-core-columns-is-layout-28f84493 wp-block-columns-is-layout-flex\">\n<div class=\"wp-block-column has-small-font-size is-layout-flow wp-block-column-is-layout-flow\" style=\"padding-top:0;padding-right:0;padding-bottom:0;padding-left:0\">\n<figure class=\"wp-block-image aligncenter size-full is-resized has-custom-border is-style-default\"><img loading=\"lazy\" decoding=\"async\" src=\"http:\/\/servicios-example.pi-simplex.com\/wp-content\/uploads\/2023\/03\/barberia-intro.jpg\" alt=\"\" class=\"wp-image-1880\" style=\"border-style:none;border-width:0px;border-radius:0px\" width=\"616\" height=\"410\" srcset=\"https:\/\/servicios-example.pi-simplex.com\/wp-content\/uploads\/2023\/03\/barberia-intro.jpg 600w, https:\/\/servicios-example.pi-simplex.com\/wp-content\/uploads\/2023\/03\/barberia-intro-300x200.jpg 300w\" sizes=\"auto, (max-width: 616px) 100vw, 616px\" \/><\/figure>\n<\/div>\n\n\n\n<div class=\"wp-block-column is-layout-flow wp-block-column-is-layout-flow\">\n<h2 class=\"has-text-align-left wp-block-heading\" style=\"font-size:40px\">Un Homenaje a la Barber\u00eda<\/h2>\n\n\n\n<p style=\"font-size:19px\"><strong>Dapibus id interdum fusce sed odio massa tellus amet, faucibus nibh consequat justo mauris, donec nec tempus in volutpat iaculis pellentesque in urna.<\/strong><\/p>\n\n\n\n<p style=\"font-size:19px\">Diam, urna, ornare leo facilisis suspendisse eu rutrum id augue cursus tincidunt nisl eget ornare pharetra ac pharetra, pulvinar ipsum sed amet diam morbi amet cursus blandit augue feugiat arcu aliquet egestas id diam rhoncus.<\/p>\n\n\n\n<div class=\"wp-block-buttons is-layout-flex wp-block-buttons-is-layout-flex\">\n<div class=\"wp-block-button\"><a class=\"wp-block-button__link wp-element-button\" href=\"https:\/\/servicios-example.pi-simplex.com\/index.php\/nosotros-2\/\"><strong>Nuestro equipo<\/strong><\/a><\/div>\n<\/div>\n<\/div>\n<\/div>\n\n\n\n<div class=\"wp-block-cover alignfull\" style=\"min-height:500px;aspect-ratio:unset;\"><span aria-hidden=\"true\" class=\"wp-block-cover__background has-ast-global-color-8-background-color has-background-dim-100 has-background-dim\"><\/span><div class=\"wp-block-cover__inner-container is-layout-flow wp-block-cover-is-layout-flow\">\n<h2 class=\"has-text-align-center has-black-color has-text-color wp-block-heading\">Servicios<\/h2>\n\n\n\n<div class=\"wp-block-columns is-layout-flex wp-container-core-columns-is-layout-28f84493 wp-block-columns-is-layout-flex\">\n<div class=\"wp-block-column is-layout-flow wp-block-column-is-layout-flow\">\n<figure class=\"wp-block-image size-large is-resized wp-duotone-unset-1\"><img loading=\"lazy\" decoding=\"async\" src=\"http:\/\/servicios-example.pi-simplex.com\/wp-content\/uploads\/2023\/03\/hair-spies-LU2XkVyhf_c-unsplash-1024x683.jpg\" alt=\"\" class=\"wp-image-1891\" width=\"389\" height=\"259\" srcset=\"https:\/\/servicios-example.pi-simplex.com\/wp-content\/uploads\/2023\/03\/hair-spies-LU2XkVyhf_c-unsplash-1024x683.jpg 1024w, https:\/\/servicios-example.pi-simplex.com\/wp-content\/uploads\/2023\/03\/hair-spies-LU2XkVyhf_c-unsplash-300x200.jpg 300w, https:\/\/servicios-example.pi-simplex.com\/wp-content\/uploads\/2023\/03\/hair-spies-LU2XkVyhf_c-unsplash-768x512.jpg 768w, https:\/\/servicios-example.pi-simplex.com\/wp-content\/uploads\/2023\/03\/hair-spies-LU2XkVyhf_c-unsplash-1536x1024.jpg 1536w, https:\/\/servicios-example.pi-simplex.com\/wp-content\/uploads\/2023\/03\/hair-spies-LU2XkVyhf_c-unsplash.jpg 1920w\" sizes=\"auto, (max-width: 389px) 100vw, 389px\" \/><\/figure>\n\n\n\n<h3 class=\"has-text-align-center has-ast-global-color-1-color has-text-color wp-block-heading\" style=\"font-size:30px\">Corte de Cabello<\/h3>\n<\/div>\n\n\n\n<div class=\"wp-block-column is-layout-flow wp-block-column-is-layout-flow\">\n<figure class=\"wp-block-image size-large is-style-default wp-duotone-unset-2\"><img loading=\"lazy\" decoding=\"async\" width=\"1024\" height=\"683\" src=\"http:\/\/servicios-example.pi-simplex.com\/wp-content\/uploads\/2023\/03\/hair-spies-0KYSw5C2E00-unsplash-1024x683.jpg\" alt=\"\" class=\"wp-image-1928\" srcset=\"https:\/\/servicios-example.pi-simplex.com\/wp-content\/uploads\/2023\/03\/hair-spies-0KYSw5C2E00-unsplash-1024x683.jpg 1024w, https:\/\/servicios-example.pi-simplex.com\/wp-content\/uploads\/2023\/03\/hair-spies-0KYSw5C2E00-unsplash-300x200.jpg 300w, https:\/\/servicios-example.pi-simplex.com\/wp-content\/uploads\/2023\/03\/hair-spies-0KYSw5C2E00-unsplash-768x512.jpg 768w, https:\/\/servicios-example.pi-simplex.com\/wp-content\/uploads\/2023\/03\/hair-spies-0KYSw5C2E00-unsplash-1536x1024.jpg 1536w, https:\/\/servicios-example.pi-simplex.com\/wp-content\/uploads\/2023\/03\/hair-spies-0KYSw5C2E00-unsplash.jpg 1920w\" sizes=\"auto, (max-width: 1024px) 100vw, 1024px\" \/><\/figure>\n\n\n\n<h3 class=\"has-text-align-center has-ast-global-color-1-color has-text-color wp-block-heading\" style=\"font-size:30px\">Tintura<\/h3>\n\n\n\n<div style=\"height:5px\" aria-hidden=\"true\" class=\"wp-block-spacer\"><\/div>\n<\/div>\n\n\n\n<div class=\"wp-block-column is-layout-flow wp-block-column-is-layout-flow\">\n<figure class=\"wp-block-image size-full is-resized wp-duotone-unset-3\"><img loading=\"lazy\" decoding=\"async\" src=\"http:\/\/servicios-example.pi-simplex.com\/wp-content\/uploads\/2023\/03\/barberia-intro2.jpg\" alt=\"\" class=\"wp-image-1893\" width=\"387\" height=\"258\" srcset=\"https:\/\/servicios-example.pi-simplex.com\/wp-content\/uploads\/2023\/03\/barberia-intro2.jpg 500w, https:\/\/servicios-example.pi-simplex.com\/wp-content\/uploads\/2023\/03\/barberia-intro2-300x200.jpg 300w\" sizes=\"auto, (max-width: 387px) 100vw, 387px\" \/><\/figure>\n\n\n\n<h3 class=\"has-text-align-center has-ast-global-color-1-color has-text-color wp-block-heading\" style=\"font-size:30px\">Corte de Barba<\/h3>\n<\/div>\n<\/div>\n\n\n\n<div class=\"wp-block-buttons is-content-justification-center is-layout-flex wp-container-core-buttons-is-layout-a89b3969 wp-block-buttons-is-layout-flex\"><\/div>\n\n\n\n<div class=\"wp-block-buttons is-content-justification-center is-layout-flex wp-container-core-buttons-is-layout-a89b3969 wp-block-buttons-is-layout-flex\"><\/div>\n\n\n\n<div class=\"wp-block-buttons is-horizontal is-content-justification-center is-layout-flex wp-container-core-buttons-is-layout-56499b1b wp-block-buttons-is-layout-flex\" style=\"line-height:2\">\n<div class=\"wp-block-button has-custom-font-size\" style=\"font-size:16px\"><a class=\"wp-block-button__link wp-element-button\" href=\"https:\/\/servicios-example.pi-simplex.com\/index.php\/servicios\/\"><strong>Ver todos los servicios<\/strong><\/a><\/div>\n<\/div>\n<\/div><\/div>\n\n\n\n<div class=\"wp-block-buttons is-content-justification-center is-layout-flex wp-container-core-buttons-is-layout-a89b3969 wp-block-buttons-is-layout-flex\"><\/div>\n\n\n\n<div class=\"wp-block-uagb-container uagb-block-f998adb5 alignwide uagb-is-root-container\">\n<div class=\"wp-block-uagb-info-box uagb-block-5cf4eae8 uagb-infobox__content-wrap  uagb-infobox-icon-above-title uagb-infobox-image-valign-top\"><div class=\"uagb-ifb-content\"><div class=\"uagb-ifb-title-wrap\"><h2 class=\"uagb-ifb-title\">Detr\u00e1s de un hombre con gran estilo y confianza hay un barbero que ejerce su arte con destreza y elegancia <\/h2><\/div><\/div><\/div>\n\n\n\n<div class=\"wp-block-uagb-advanced-heading uagb-block-78bdb148\"><h4 class=\"uagb-heading-text\">Barba Negra <\/h4><\/div>\n<\/div>\n\n\n\n<div class=\"wp-block-uagb-container uagb-block-e520744d alignfull uagb-is-root-container\"><div class=\"uagb-container-inner-blocks-wrap\">\n<div class=\"wp-block-uagb-advanced-heading uagb-block-9a017d71\"><h2 class=\"uagb-heading-text\">Productos<br> <br><\/h2><p class=\"uagb-desc-text\">Tambi\u00e9n te ofrecemos las mejores marcas e productos de caballero      <\/p><\/div>\n\n\n\n<figure class=\"wp-block-gallery has-nested-images columns-3 is-cropped wp-block-gallery-5 is-layout-flex wp-block-gallery-is-layout-flex\">\n<figure class=\"wp-block-image size-full wp-duotone-unset-4\"><img loading=\"lazy\" decoding=\"async\" width=\"626\" height=\"417\" data-id=\"1902\" src=\"http:\/\/servicios-example.pi-simplex.com\/wp-content\/uploads\/2023\/03\/producto-3.jpg\" alt=\"\" class=\"wp-image-1902\" srcset=\"https:\/\/servicios-example.pi-simplex.com\/wp-content\/uploads\/2023\/03\/producto-3.jpg 626w, https:\/\/servicios-example.pi-simplex.com\/wp-content\/uploads\/2023\/03\/producto-3-300x200.jpg 300w\" sizes=\"auto, (max-width: 626px) 100vw, 626px\" \/><figcaption class=\"wp-element-caption\">Pomada<\/figcaption><\/figure>\n\n\n\n<figure class=\"wp-block-image size-full\"><img loading=\"lazy\" decoding=\"async\" width=\"626\" height=\"417\" data-id=\"1903\" src=\"http:\/\/servicios-example.pi-simplex.com\/wp-content\/uploads\/2023\/03\/producto-1.jpg\" alt=\"\" class=\"wp-image-1903\" srcset=\"https:\/\/servicios-example.pi-simplex.com\/wp-content\/uploads\/2023\/03\/producto-1.jpg 626w, https:\/\/servicios-example.pi-simplex.com\/wp-content\/uploads\/2023\/03\/producto-1-300x200.jpg 300w\" sizes=\"auto, (max-width: 626px) 100vw, 626px\" \/><figcaption class=\"wp-element-caption\">Aceite para Barba<\/figcaption><\/figure>\n\n\n\n<figure class=\"wp-block-image size-full\"><img loading=\"lazy\" decoding=\"async\" width=\"626\" height=\"417\" data-id=\"1904\" src=\"http:\/\/servicios-example.pi-simplex.com\/wp-content\/uploads\/2023\/03\/producto-2.jpg\" alt=\"\" class=\"wp-image-1904\" srcset=\"https:\/\/servicios-example.pi-simplex.com\/wp-content\/uploads\/2023\/03\/producto-2.jpg 626w, https:\/\/servicios-example.pi-simplex.com\/wp-content\/uploads\/2023\/03\/producto-2-300x200.jpg 300w\" sizes=\"auto, (max-width: 626px) 100vw, 626px\" \/><figcaption class=\"wp-element-caption\">Jab\u00f3n para Barba<\/figcaption><\/figure>\n<\/figure>\n\n\n\n<div class=\"wp-block-buttons is-content-justification-center is-layout-flex wp-container-core-buttons-is-layout-a89b3969 wp-block-buttons-is-layout-flex\">\n<div class=\"wp-block-button aligncenter\"><a class=\"wp-block-button__link wp-element-button\"><strong>Comprar por mercado libre<\/strong><\/a><\/div>\n<\/div>\n\n\n\n<div class=\"wp-block-uagb-advanced-heading uagb-block-e83c524a\"><h3 class=\"uagb-heading-text\">Un Homenaje a la Barber\u00eda Tradicional<\/h3><p class=\"uagb-desc-text\">Egestas gravida erat enim ac morbi at malesuada arcu habitant blandit pulvinar tellus consectetur mi at  suscipit sit sit pulvinar amet convallis imperdiet pretium, egestas scelerisque imperdiet duis aenean turpis dui scelerisque sit massa semper risus, vitae volutpat sodales eget.<\/p><\/div>\n\n\n\n<div class=\"wp-block-uagb-container uagb-block-f2c93b6e\">\n<div class=\"wp-block-uagb-image aligncenter uagb-block-2445b47e wp-block-uagb-image--layout-default wp-block-uagb-image--effect-static wp-block-uagb-image--align-center\"><figure class=\"wp-block-uagb-image__figure\"><img decoding=\"async\" srcset=\"https:\/\/servicios-example.pi-simplex.com\/wp-content\/uploads\/2023\/03\/imagen_2023-03-01_211933522.png , https:\/\/servicios-example.pi-simplex.com\/wp-content\/uploads\/2021\/02\/badge-3.svg 360w\" src=\"https:\/\/servicios-example.pi-simplex.com\/wp-content\/uploads\/2023\/03\/imagen_2023-03-01_211933522.png\" alt=\"\" class=\"uag-image-1947\" width=\"300\" height=\"165\" title=\"\" loading=\"lazy\"\/><\/figure><\/div>\n\n\n\n<div class=\"wp-block-uagb-image aligncenter uagb-block-8759c617 wp-block-uagb-image--layout-default wp-block-uagb-image--effect-static wp-block-uagb-image--align-center\"><figure class=\"wp-block-uagb-image__figure\"><img decoding=\"async\" srcset=\"https:\/\/servicios-example.pi-simplex.com\/wp-content\/uploads\/2023\/03\/imagen_2023-03-01_211953825.png , https:\/\/servicios-example.pi-simplex.com\/wp-content\/uploads\/2021\/02\/badge-2.svg 360w\" src=\"https:\/\/servicios-example.pi-simplex.com\/wp-content\/uploads\/2023\/03\/imagen_2023-03-01_211953825.png\" alt=\"\" class=\"uag-image-1948\" width=\"300\" height=\"165\" title=\"\" loading=\"lazy\"\/><\/figure><\/div>\n\n\n\n<div class=\"wp-block-uagb-image aligncenter uagb-block-2efeea19 wp-block-uagb-image--layout-default wp-block-uagb-image--effect-static wp-block-uagb-image--align-center\"><figure class=\"wp-block-uagb-image__figure\"><img decoding=\"async\" srcset=\"https:\/\/servicios-example.pi-simplex.com\/wp-content\/uploads\/2023\/03\/imagen_2023-03-01_212044993.png , https:\/\/servicios-example.pi-simplex.com\/wp-content\/uploads\/2021\/02\/badge-1.svg 360w\" src=\"https:\/\/servicios-example.pi-simplex.com\/wp-content\/uploads\/2023\/03\/imagen_2023-03-01_212044993.png\" alt=\"\" class=\"uag-image-1951\" width=\"300\" height=\"165\" title=\"\" loading=\"lazy\"\/><\/figure><\/div>\n<\/div>\n<\/div><\/div>\n","protected":false},"excerpt":{"rendered":"<p>Un Homenaje a la Barber\u00eda Dapibus id interdum fusce sed odio massa tellus amet, faucibus nibh consequat justo mauris, donec nec tempus in volutpat iaculis pellentesque in urna. Diam, urna, ornare leo facilisis suspendisse eu rutrum id augue cursus tincidunt nisl eget ornare pharetra ac pharetra, pulvinar ipsum sed amet diam morbi amet cursus blandit [&hellip;]<\/p>\n","protected":false},"author":1,"featured_media":0,"parent":0,"menu_order":0,"comment_status":"closed","ping_status":"closed","template":"","meta":{"_uag_custom_page_level_css":"","site-sidebar-layout":"no-sidebar","site-content-layout":"page-builder","ast-site-content-layout":"default","site-content-style":"default","site-sidebar-style":"default","ast-global-header-display":"","ast-banner-title-visibility":"","ast-main-header-display":"","ast-hfb-above-header-display":"","ast-hfb-below-header-display":"","ast-hfb-mobile-header-display":"","site-post-title":"disabled","ast-breadcrumbs-content":"disabled","ast-featured-img":"disabled","footer-sml-layout":"","ast-disable-related-posts":"","theme-transparent-header-meta":"enabled","adv-header-id-meta":"","stick-header-meta":"","header-above-stick-meta":"","header-main-stick-meta":"","header-below-stick-meta":"","astra-migrate-meta-layouts":"default","ast-page-background-enabled":"default","ast-page-background-meta":{"desktop":{"background-color":"var(--ast-global-color-4)","background-image":"","background-repeat":"repeat","background-position":"center center","background-size":"auto","background-attachment":"scroll","background-type":"","background-media":"","overlay-type":"","overlay-color":"","overlay-opacity":"","overlay-gradient":""},"tablet":{"background-color":"","background-image":"","background-repeat":"repeat","background-position":"center center","background-size":"auto","background-attachment":"scroll","background-type":"","background-media":"","overlay-type":"","overlay-color":"","overlay-opacity":"","overlay-gradient":""},"mobile":{"background-color":"","background-image":"","background-repeat":"repeat","background-position":"center center","background-size":"auto","background-attachment":"scroll","background-type":"","background-media":"","overlay-type":"","overlay-color":"","overlay-opacity":"","overlay-gradient":""}},"ast-content-background-meta":{"desktop":{"background-color":"var(--ast-global-color-5)","background-image":"","background-repeat":"repeat","background-position":"center center","background-size":"auto","background-attachment":"scroll","background-type":"","background-media":"","overlay-type":"","overlay-color":"","overlay-opacity":"","overlay-gradient":""},"tablet":{"background-color":"var(--ast-global-color-5)","background-image":"","background-repeat":"repeat","background-position":"center center","background-size":"auto","background-attachment":"scroll","background-type":"","background-media":"","overlay-type":"","overlay-color":"","overlay-opacity":"","overlay-gradient":""},"mobile":{"background-color":"var(--ast-global-color-5)","background-image":"","background-repeat":"repeat","background-position":"center center","background-size":"auto","background-attachment":"scroll","background-type":"","background-media":"","overlay-type":"","overlay-color":"","overlay-opacity":"","overlay-gradient":""}},"footnotes":""},"class_list":["post-896","page","type-page","status-publish","hentry"],"_hostinger_reach_plugin_has_subscription_block":false,"_hostinger_reach_plugin_is_elementor":false,"uagb_featured_image_src":{"full":false,"thumbnail":false,"medium":false,"medium_large":false,"large":false,"1536x1536":false,"2048x2048":false},"uagb_author_info":{"display_name":"fiori.arino.2020","author_link":"https:\/\/servicios-example.pi-simplex.com\/index.php\/author\/fiori-arino-2020\/"},"uagb_comment_info":0,"uagb_excerpt":"Un Homenaje a la Barber\u00eda Dapibus id interdum fusce sed odio massa tellus amet, faucibus nibh consequat justo mauris, donec nec tempus in volutpat iaculis pellentesque in urna. Diam, urna, ornare leo facilisis suspendisse eu rutrum id augue cursus tincidunt nisl eget ornare pharetra ac pharetra, pulvinar ipsum sed amet diam morbi amet cursus blandit&hellip;","_links":{"self":[{"href":"https:\/\/servicios-example.pi-simplex.com\/index.php\/wp-json\/wp\/v2\/pages\/896","targetHints":{"allow":["GET"]}}],"collection":[{"href":"https:\/\/servicios-example.pi-simplex.com\/index.php\/wp-json\/wp\/v2\/pages"}],"about":[{"href":"https:\/\/servicios-example.pi-simplex.com\/index.php\/wp-json\/wp\/v2\/types\/page"}],"author":[{"embeddable":true,"href":"https:\/\/servicios-example.pi-simplex.com\/index.php\/wp-json\/wp\/v2\/users\/1"}],"replies":[{"embeddable":true,"href":"https:\/\/servicios-example.pi-simplex.com\/index.php\/wp-json\/wp\/v2\/comments?post=896"}],"version-history":[{"count":148,"href":"https:\/\/servicios-example.pi-simplex.com\/index.php\/wp-json\/wp\/v2\/pages\/896\/revisions"}],"predecessor-version":[{"id":2159,"href":"https:\/\/servicios-example.pi-simplex.com\/index.php\/wp-json\/wp\/v2\/pages\/896\/revisions\/2159"}],"wp:attachment":[{"href":"https:\/\/servicios-example.pi-simplex.com\/index.php\/wp-json\/wp\/v2\/media?parent=896"}],"curies":[{"name":"wp","href":"https:\/\/api.w.org\/{rel}","templated":true}]}}